{"id":4789,"date":"2023-10-31T22:35:39","date_gmt":"2023-10-31T22:35:39","guid":{"rendered":"https:\/\/kiminbu.com\/iletisim\/"},"modified":"2025-04-15T16:04:59","modified_gmt":"2025-04-15T16:04:59","slug":"elaq%c9%99","status":"publish","type":"page","link":"https:\/\/kiminbu.com\/az\/elaq%c9%99\/","title":{"rendered":"\u018flaq\u0259"},"content":{"rendered":"<p>destek@kiminbu.com \u00fcnvan\u0131na e-po\u00e7t g\u00f6nd\u0259rm\u0259kl\u0259 v\u0259 ya 0534 030 10 25 n\u00f6mr\u0259sin\u0259 z\u0259ng etm\u0259kl\u0259 biziml\u0259 \u0259laq\u0259 saxlaya bil\u0259rsiniz.<\/p>\n","protected":false},"excerpt":{"rendered":"<p>destek@kiminbu.com \u00fcnvan\u0131na e-po\u00e7t g\u00f6nd\u0259rm\u0259kl\u0259 v\u0259 ya 0534 030 10 25 n\u00f6mr\u0259sin\u0259 z\u0259ng etm\u0259kl\u0259 biziml\u0259 \u0259laq\u0259 saxlaya bil\u0259rsiniz.<\/p>\n","protected":false},"author":1,"featured_media":0,"parent":0,"menu_order":0,"comment_status":"closed","ping_status":"closed","template":"","meta":{"footnotes":""},"folder":[],"class_list":["post-4789","page","type-page","status-publish","hentry"],"_links":{"self":[{"href":"https:\/\/kiminbu.com\/az\/wp-json\/wp\/v2\/pages\/4789","targetHints":{"allow":["GET"]}}],"collection":[{"href":"https:\/\/kiminbu.com\/az\/wp-json\/wp\/v2\/pages"}],"about":[{"href":"https:\/\/kiminbu.com\/az\/wp-json\/wp\/v2\/types\/page"}],"author":[{"embeddable":true,"href":"https:\/\/kiminbu.com\/az\/wp-json\/wp\/v2\/users\/1"}],"replies":[{"embeddable":true,"href":"https:\/\/kiminbu.com\/az\/wp-json\/wp\/v2\/comments?post=4789"}],"version-history":[{"count":2,"href":"https:\/\/kiminbu.com\/az\/wp-json\/wp\/v2\/pages\/4789\/revisions"}],"predecessor-version":[{"id":4792,"href":"https:\/\/kiminbu.com\/az\/wp-json\/wp\/v2\/pages\/4789\/revisions\/4792"}],"wp:attachment":[{"href":"https:\/\/kiminbu.com\/az\/wp-json\/wp\/v2\/media?parent=4789"}],"wp:term":[{"taxonomy":"folder","embeddable":true,"href":"https:\/\/kiminbu.com\/az\/wp-json\/wp\/v2\/folder?post=4789"}],"curies":[{"name":"wp","href":"https:\/\/api.w.org\/{rel}","templated":true}]}}